{"id":20,"date":"2024-06-23T18:33:16","date_gmt":"2024-06-23T16:33:16","guid":{"rendered":"https:\/\/mieljura-fernandez.fr\/?page_id=20"},"modified":"2025-01-19T13:44:35","modified_gmt":"2025-01-19T12:44:35","slug":"20-2","status":"publish","type":"page","link":"https:\/\/mieljura-fernandez.fr\/","title":{"rendered":"Bienvenue"},"content":{"rendered":"\n<div class=\"wp-block-columns is-layout-flex wp-container-core-columns-is-layout-9d6595d7 wp-block-columns-is-layout-flex\">\n<div class=\"wp-block-column is-layout-flow wp-block-column-is-layout-flow\" style=\"flex-basis:66.66%\">\n<div style=\"height:20px\" aria-hidden=\"true\" class=\"wp-block-spacer\"><\/div>\n\n\n\n<p>Le massif du Jura regorge de ressources naturelles et de sp\u00e9cialit\u00e9s locales : Saucisse de Morteau et de Montb\u00e9liard c\u00f4toient Morbier, Bleu de Gex et Comt\u00e9.<\/p>\n\n\n\n<p>Dans cet environnement forestier riche en biodiversit\u00e9, nos abeilles butinent la flore locale pour en extraire le nectar et le pollen.<\/p>\n\n\n\n<p>A quelques encablures du Fort des Rousses, c\u00e9l\u00e8bre pour ses caves d&rsquo;affinage du Comt\u00e9, vous retrouverez <a href=\"https:\/\/mieljura-fernandez.fr\/index.php\/la-boutique-des-rousses\/\">notre boutique<\/a> situ\u00e9e au 278 rue Pasteur. Produits de la ruche et d\u00e9gustation de miels vous y attendent.<\/p>\n\n\n\n<p>La saison estivale est \u00e9galement l&rsquo;occasion de nous rendre visite \u00e0 <a href=\"https:\/\/mieljura-fernandez.fr\/index.php\/la-ferme-en-ete\/\" data-type=\"page\" data-id=\"272\">la ferme<\/a>.<\/p>\n\n\n\n<div style=\"height:30px\" aria-hidden=\"true\" class=\"wp-block-spacer\"><\/div>\n\n\n\n<h4 class=\"wp-block-heading\">Notre quotidien d&rsquo;apiculteur<\/h4>\n\n\n\n<p>Tout au long de l&rsquo;ann\u00e9e les colonies demandent une attention particuli\u00e8re, une visite r\u00e9guli\u00e8re dans le rucher est donc indispensable pour veiller \u00e0 la bonne sant\u00e9 des abeilles et intervenir rapidement en cas de besoin.<\/p>\n\n\n\n<p>Nous vous emmenons dans notre univers \u00e0 la d\u00e9couverte de quelques unes de nos colonies :<\/p>\n\n\n\n<figure class=\"wp-block-image size-full is-style-rounded\"><img loading=\"lazy\" decoding=\"async\" width=\"800\" height=\"600\" src=\"http:\/\/mieljura-fernandez.fr\/wp-content\/uploads\/2024\/07\/Rucher-01.jpg\" alt=\"Dans le rucher, Nathalie veille sur ses &quot;filles&quot;.\" class=\"wp-image-101\" srcset=\"https:\/\/mieljura-fernandez.fr\/wp-content\/uploads\/2024\/07\/Rucher-01.jpg 800w, https:\/\/mieljura-fernandez.fr\/wp-content\/uploads\/2024\/07\/Rucher-01-300x225.jpg 300w, https:\/\/mieljura-fernandez.fr\/wp-content\/uploads\/2024\/07\/Rucher-01-768x576.jpg 768w\" sizes=\"auto, (max-width: 800px) 100vw, 800px\" \/><\/figure>\n\n\n\n<div style=\"height:20px\" aria-hidden=\"true\" class=\"wp-block-spacer\"><\/div>\n\n\n<div class=\"wp-block-image is-style-rounded\">\n<figure class=\"aligncenter size-full\"><img loading=\"lazy\" decoding=\"async\" width=\"600\" height=\"800\" src=\"http:\/\/mieljura-fernandez.fr\/wp-content\/uploads\/2024\/07\/Rucher-02-rotated.jpg\" alt=\"Les ruches dans leur environnement naturel du massif du Jura\" class=\"wp-image-241\" srcset=\"https:\/\/mieljura-fernandez.fr\/wp-content\/uploads\/2024\/07\/Rucher-02-rotated.jpg 600w, https:\/\/mieljura-fernandez.fr\/wp-content\/uploads\/2024\/07\/Rucher-02-225x300.jpg 225w\" sizes=\"auto, (max-width: 600px) 100vw, 600px\" \/><\/figure>\n<\/div>\n\n\n<div style=\"height:20px\" aria-hidden=\"true\" class=\"wp-block-spacer\"><\/div>\n\n\n\n<p>A l&rsquo;ouverture d&rsquo;une ruche, la premi\u00e8re intervention consiste \u00e0 retrouver la Reine. Sans elle, la colonie est en d\u00e9tresse et risque de s&rsquo;\u00e9teindre. <\/p>\n\n\n\n<div style=\"height:20px\" aria-hidden=\"true\" class=\"wp-block-spacer\"><\/div>\n\n\n\n<figure class=\"wp-block-image size-full is-style-rounded\"><img loading=\"lazy\" decoding=\"async\" width=\"800\" height=\"533\" src=\"http:\/\/mieljura-fernandez.fr\/wp-content\/uploads\/2024\/07\/Apiculteur-01-1.jpg\" alt=\"A la recherche de la Reine. Sans Reine, la colonie ne survira que quelques jours.\" class=\"wp-image-106\" srcset=\"https:\/\/mieljura-fernandez.fr\/wp-content\/uploads\/2024\/07\/Apiculteur-01-1.jpg 800w, https:\/\/mieljura-fernandez.fr\/wp-content\/uploads\/2024\/07\/Apiculteur-01-1-300x200.jpg 300w, https:\/\/mieljura-fernandez.fr\/wp-content\/uploads\/2024\/07\/Apiculteur-01-1-768x512.jpg 768w\" sizes=\"auto, (max-width: 800px) 100vw, 800px\" \/><\/figure>\n<\/div>\n\n\n\n<div class=\"wp-block-column is-layout-flow wp-block-column-is-layout-flow\" style=\"flex-basis:33.33%\">\n<div style=\"height:20px\" aria-hidden=\"true\" class=\"wp-block-spacer\"><\/div>\n\n\n\n<div class=\"wp-block-group\"><div class=\"wp-block-group__inner-container is-layout-constrained wp-block-group-is-layout-constrained\">\n<div class=\"wp-block-group has-luminous-vivid-amber-color has-black-background-color has-text-color has-background has-link-color wp-elements-150f0a07b0b95e7fb1ec8225e0d5a857\"><div class=\"wp-block-group__inner-container is-layout-constrained wp-block-group-is-layout-constrained\">\n<h5 class=\"wp-block-heading has-text-align-center has-luminous-vivid-amber-color has-black-background-color has-text-color has-background has-link-color wp-elements-0efcbdf9907410305b0430d2eb101017\">Recevez nos bons miels pr\u00e8s de chez vous<\/h5>\n\n\n\n<p class=\"has-text-align-center has-luminous-vivid-amber-color has-black-background-color has-text-color has-background has-link-color wp-elements-83b9116acb18f00712f19356eb6fb98d\">Vous arrivez \u00e0 la fin de votre dernier pot de miel du Jura, encore 2 cuill\u00e8res et c&rsquo;est la fin, plus rien, plus une petite goutte de votre miel pr\u00e9f\u00e9r\u00e9. Aucun espoir de revenir dans le Jura dans les prochains jours. Le d\u00e9sespoir s&#8217;empare de vous et la d\u00e9pression vous gagne&#8230; \ud83d\ude30<br><br>Pas de panique, nos miels peuvent \u00eatre exp\u00e9di\u00e9s directement pr\u00e8s de chez vous en quelques jours, dans le point Mondial Relay de votre choix.<br><br>Et l\u00e0, votre sourire r\u00e9apparait, l&rsquo;espoir rena\u00eet subitement \ud83d\ude0d et vous nous appelez pour passer votre commande.<\/p>\n\n\n\n<div class=\"wp-block-columns is-layout-flex wp-container-core-columns-is-layout-9d6595d7 wp-block-columns-is-layout-flex\">\n<div class=\"wp-block-column is-layout-flow wp-block-column-is-layout-flow\">\n<div class=\"wp-block-buttons is-content-justification-center is-layout-flex wp-container-core-buttons-is-layout-16018d1d wp-block-buttons-is-layout-flex\">\n<div class=\"wp-block-button\"><a class=\"wp-block-button__link has-black-color has-luminous-vivid-amber-background-color has-text-color has-background has-link-color has-text-align-center wp-element-button\" href=\"tel:0033608600624\" style=\"font-style:normal;font-weight:600\">\ud83d\udcde 06 08 60 06 24<\/a><\/div>\n<\/div>\n<\/div>\n\n\n\n<div class=\"wp-block-column is-layout-flow wp-block-column-is-layout-flow\">\n<div class=\"wp-block-buttons is-content-justification-center is-layout-flex wp-container-core-buttons-is-layout-16018d1d wp-block-buttons-is-layout-flex\">\n<div class=\"wp-block-button\"><a class=\"wp-block-button__link has-black-color has-luminous-vivid-amber-background-color has-text-color has-background has-link-color has-text-align-center wp-element-button\" href=\"https:\/\/mieljura-fernandez.fr\/wp-content\/uploads\/2025\/06\/bdc_expe.pdf\" style=\"font-style:normal;font-weight:600\" target=\"_blank\" rel=\"noopener noreferrer noreferrer noopener\">Bon de commande<\/a><\/div>\n<\/div>\n<\/div>\n<\/div>\n\n\n\n<div style=\"height:30px\" aria-hidden=\"true\" class=\"wp-block-spacer\"><\/div>\n<\/div><\/div>\n<\/div><\/div>\n<\/div>\n<\/div>\n","protected":false},"excerpt":{"rendered":"<p>Le massif du Jura regorge de ressources naturelles et de sp\u00e9cialit\u00e9s locales : Saucisse de Morteau et de Montb\u00e9liard c\u00f4toient Morbier, Bleu de Gex et Comt\u00e9. Dans cet environnement forestier riche en biodiversit\u00e9, nos abeilles butinent la flore locale pour en extraire le nectar et le pollen. A quelques encablures du Fort des Rousses, c\u00e9l\u00e8bre [&hellip;]<\/p>\n","protected":false},"author":1,"featured_media":0,"parent":0,"menu_order":1,"comment_status":"closed","ping_status":"closed","template":"templates\/template-page-full-width.php","meta":{"footnotes":""},"class_list":["post-20","page","type-page","status-publish","hentry"],"_links":{"self":[{"href":"https:\/\/mieljura-fernandez.fr\/index.php\/wp-json\/wp\/v2\/pages\/20","targetHints":{"allow":["GET"]}}],"collection":[{"href":"https:\/\/mieljura-fernandez.fr\/index.php\/wp-json\/wp\/v2\/pages"}],"about":[{"href":"https:\/\/mieljura-fernandez.fr\/index.php\/wp-json\/wp\/v2\/types\/page"}],"author":[{"embeddable":true,"href":"https:\/\/mieljura-fernandez.fr\/index.php\/wp-json\/wp\/v2\/users\/1"}],"replies":[{"embeddable":true,"href":"https:\/\/mieljura-fernandez.fr\/index.php\/wp-json\/wp\/v2\/comments?post=20"}],"version-history":[{"count":28,"href":"https:\/\/mieljura-fernandez.fr\/index.php\/wp-json\/wp\/v2\/pages\/20\/revisions"}],"predecessor-version":[{"id":278,"href":"https:\/\/mieljura-fernandez.fr\/index.php\/wp-json\/wp\/v2\/pages\/20\/revisions\/278"}],"wp:attachment":[{"href":"https:\/\/mieljura-fernandez.fr\/index.php\/wp-json\/wp\/v2\/media?parent=20"}],"curies":[{"name":"wp","href":"https:\/\/api.w.org\/{rel}","templated":true}]}}