{"id":255,"date":"2024-11-12T11:13:35","date_gmt":"2024-11-12T10:13:35","guid":{"rendered":"https:\/\/mieljura-fernandez.fr\/?page_id=255"},"modified":"2024-11-12T11:23:40","modified_gmt":"2024-11-12T10:23:40","slug":"la-ferme-en-hiver","status":"publish","type":"page","link":"https:\/\/mieljura-fernandez.fr\/index.php\/la-ferme-en-hiver\/","title":{"rendered":"La ferme en hiver"},"content":{"rendered":"\n<div class=\"wp-block-columns is-layout-flex wp-container-core-columns-is-layout-9d6595d7 wp-block-columns-is-layout-flex\">\n<div class=\"wp-block-column is-layout-flow wp-block-column-is-layout-flow\" style=\"flex-basis:66.66%\">\n<div style=\"height:20px\" aria-hidden=\"true\" class=\"wp-block-spacer\"><\/div>\n\n\n\n<p><strong>De novembre \u00e0 f\u00e9vrier<\/strong><\/p>\n\n\n\n<p>Les abeilles ralentissent leur activit\u00e9 pour se pr\u00e9parer au premier froid de l&rsquo;hiver. Elles se grappent autour de leurs provisions. <\/p>\n\n\n\n<p>Durant cette p\u00e9riode, la Reine cesse de pondre. La dur\u00e9e de vie des abeilles d&rsquo;hiver passe alors de 40 jours \u00e0 4 \u00e0 5 mois en raison du ralentissement de l&rsquo;activit\u00e9 de la colonie.<\/p>\n\n\n\n<figure class=\"wp-block-image size-large is-style-rounded\"><img loading=\"lazy\" decoding=\"async\" width=\"768\" height=\"1024\" src=\"https:\/\/mieljura-fernandez.fr\/wp-content\/uploads\/2024\/11\/20171207_153012-768x1024.jpg\" alt=\"\" class=\"wp-image-261\" srcset=\"https:\/\/mieljura-fernandez.fr\/wp-content\/uploads\/2024\/11\/20171207_153012-768x1024.jpg 768w, https:\/\/mieljura-fernandez.fr\/wp-content\/uploads\/2024\/11\/20171207_153012-225x300.jpg 225w, https:\/\/mieljura-fernandez.fr\/wp-content\/uploads\/2024\/11\/20171207_153012-1152x1536.jpg 1152w, https:\/\/mieljura-fernandez.fr\/wp-content\/uploads\/2024\/11\/20171207_153012-1536x2048.jpg 1536w, https:\/\/mieljura-fernandez.fr\/wp-content\/uploads\/2024\/11\/20171207_153012-scaled.jpg 1920w\" sizes=\"auto, (max-width: 768px) 100vw, 768px\" \/><\/figure>\n<\/div>\n\n\n\n<div class=\"wp-block-column is-layout-flow wp-block-column-is-layout-flow\" style=\"flex-basis:33.33%\">\n<div style=\"height:20px\" aria-hidden=\"true\" class=\"wp-block-spacer\"><\/div>\n\n\n\n<div class=\"wp-block-group\"><div class=\"wp-block-group__inner-container is-layout-constrained wp-block-group-is-layout-constrained\">\n<div class=\"wp-block-group has-luminous-vivid-amber-color has-black-background-color has-text-color has-background has-link-color wp-elements-150f0a07b0b95e7fb1ec8225e0d5a857\"><div class=\"wp-block-group__inner-container is-layout-constrained wp-block-group-is-layout-constrained\">\n<h5 class=\"wp-block-heading has-text-align-center has-luminous-vivid-amber-color has-black-background-color has-text-color has-background has-link-color wp-elements-0efcbdf9907410305b0430d2eb101017\">Recevez nos bons miels pr\u00e8s de chez vous<\/h5>\n\n\n\n<p class=\"has-text-align-center has-luminous-vivid-amber-color has-black-background-color has-text-color has-background has-link-color wp-elements-83b9116acb18f00712f19356eb6fb98d\">Vous arrivez \u00e0 la fin de votre dernier pot de miel du Jura, encore 2 cuill\u00e8res et c&rsquo;est la fin, plus rien, plus une petite goutte de votre miel pr\u00e9f\u00e9r\u00e9. Aucun espoir de revenir dans le Jura dans les prochains jours. Le d\u00e9sespoir s&#8217;empare de vous et la d\u00e9pression vous gagne&#8230; \ud83d\ude30<br><br>Pas de panique, nos miels peuvent \u00eatre exp\u00e9di\u00e9s directement pr\u00e8s de chez vous en quelques jours, dans le point Mondial Relay de votre choix.<br><br>Et l\u00e0, votre sourire r\u00e9apparait, l&rsquo;espoir rena\u00eet subitement \ud83d\ude0d et vous nous appelez pour passer votre commande.<\/p>\n\n\n\n<div class=\"wp-block-columns is-layout-flex wp-container-core-columns-is-layout-9d6595d7 wp-block-columns-is-layout-flex\">\n<div class=\"wp-block-column is-layout-flow wp-block-column-is-layout-flow\">\n<div class=\"wp-block-buttons is-content-justification-center is-layout-flex wp-container-core-buttons-is-layout-16018d1d wp-block-buttons-is-layout-flex\">\n<div class=\"wp-block-button\"><a class=\"wp-block-button__link has-black-color has-luminous-vivid-amber-background-color has-text-color has-background has-link-color has-text-align-center wp-element-button\" href=\"tel:0033608600624\" style=\"font-style:normal;font-weight:600\">\ud83d\udcde 06 08 60 06 24<\/a><\/div>\n<\/div>\n<\/div>\n\n\n\n<div class=\"wp-block-column is-layout-flow wp-block-column-is-layout-flow\">\n<div class=\"wp-block-buttons is-content-justification-center is-layout-flex wp-container-core-buttons-is-layout-16018d1d wp-block-buttons-is-layout-flex\">\n<div class=\"wp-block-button\"><a class=\"wp-block-button__link has-black-color has-luminous-vivid-amber-background-color has-text-color has-background has-link-color has-text-align-center wp-element-button\" href=\"https:\/\/mieljura-fernandez.fr\/wp-content\/uploads\/2025\/06\/bdc_expe.pdf\" style=\"font-style:normal;font-weight:600\" target=\"_blank\" rel=\"noopener noreferrer noreferrer noopener\">Bon de commande<\/a><\/div>\n<\/div>\n<\/div>\n<\/div>\n\n\n\n<div style=\"height:30px\" aria-hidden=\"true\" class=\"wp-block-spacer\"><\/div>\n<\/div><\/div>\n<\/div><\/div>\n<\/div>\n<\/div>\n","protected":false},"excerpt":{"rendered":"<p>De novembre \u00e0 f\u00e9vrier Les abeilles ralentissent leur activit\u00e9 pour se pr\u00e9parer au premier froid de l&rsquo;hiver. Elles se grappent autour de leurs provisions. Durant cette p\u00e9riode, la Reine cesse de pondre. La dur\u00e9e de vie des abeilles d&rsquo;hiver passe alors de 40 jours \u00e0 4 \u00e0 5 mois en raison du ralentissement de l&rsquo;activit\u00e9 [&hellip;]<\/p>\n","protected":false},"author":1,"featured_media":0,"parent":0,"menu_order":2,"comment_status":"closed","ping_status":"closed","template":"templates\/template-page-full-width.php","meta":{"footnotes":""},"class_list":["post-255","page","type-page","status-publish","hentry"],"_links":{"self":[{"href":"https:\/\/mieljura-fernandez.fr\/index.php\/wp-json\/wp\/v2\/pages\/255","targetHints":{"allow":["GET"]}}],"collection":[{"href":"https:\/\/mieljura-fernandez.fr\/index.php\/wp-json\/wp\/v2\/pages"}],"about":[{"href":"https:\/\/mieljura-fernandez.fr\/index.php\/wp-json\/wp\/v2\/types\/page"}],"author":[{"embeddable":true,"href":"https:\/\/mieljura-fernandez.fr\/index.php\/wp-json\/wp\/v2\/users\/1"}],"replies":[{"embeddable":true,"href":"https:\/\/mieljura-fernandez.fr\/index.php\/wp-json\/wp\/v2\/comments?post=255"}],"version-history":[{"count":4,"href":"https:\/\/mieljura-fernandez.fr\/index.php\/wp-json\/wp\/v2\/pages\/255\/revisions"}],"predecessor-version":[{"id":262,"href":"https:\/\/mieljura-fernandez.fr\/index.php\/wp-json\/wp\/v2\/pages\/255\/revisions\/262"}],"wp:attachment":[{"href":"https:\/\/mieljura-fernandez.fr\/index.php\/wp-json\/wp\/v2\/media?parent=255"}],"curies":[{"name":"wp","href":"https:\/\/api.w.org\/{rel}","templated":true}]}}